{"id":568,"date":"2021-03-10T11:06:18","date_gmt":"2021-03-10T11:06:18","guid":{"rendered":"http:\/\/finquesjocar.com\/sobre-nosaltres\/"},"modified":"2021-03-10T11:13:36","modified_gmt":"2021-03-10T11:13:36","slug":"sobre-nosaltres","status":"publish","type":"page","link":"https:\/\/finquesjocar.com\/ca\/sobre-nosaltres\/","title":{"rendered":"Sobre nosaltres"},"content":{"rendered":"\t\t<div data-elementor-type=\"wp-page\" data-elementor-id=\"568\" class=\"elementor elementor-568 elementor-396\">\n\t\t\t\t\t\t<section class=\"elementor-section elementor-top-section elementor-element elementor-element-67a036d1 elementor-section-boxed elementor-section-height-default elementor-section-height-default\" data-id=\"67a036d1\" data-element_type=\"section\">\n\t\t\t\t\t\t<div class=\"elementor-container elementor-column-gap-default\">\n\t\t\t\t\t<div class=\"elementor-column elementor-col-100 elementor-top-column elementor-element elementor-element-6ce0b53b\" data-id=\"6ce0b53b\" data-element_type=\"column\">\n\t\t\t<div class=\"elementor-widget-wrap elementor-element-populated\">\n\t\t\t\t\t\t<div class=\"elementor-element elementor-element-f7a05cc elementor-widget elementor-widget-heading\" data-id=\"f7a05cc\" data-element_type=\"widget\" data-widget_type=\"heading.default\">\n\t\t\t\t<div class=\"elementor-widget-container\">\n\t\t\t\t\t<h1 class=\"elementor-heading-title elementor-size-default\">Sobre nosaltres<\/h1>\t\t\t\t<\/div>\n\t\t\t\t<\/div>\n\t\t\t\t<div class=\"elementor-element elementor-element-5b53acae elementor-widget elementor-widget-text-editor\" data-id=\"5b53acae\" data-element_type=\"widget\" data-widget_type=\"text-editor.default\">\n\t\t\t\t<div class=\"elementor-widget-container\">\n\t\t\t\t\t\t\t\t\t<p>Finques Jocar de La Jonquera, Girona, Alt Empord\u00e0, som una empresa dedicada a la venda, compra, lloguer integral d&#8217;immobles, pisos, cases, apartaments, locals comercials i gesti\u00f3 de comunitats. Dins d&#8217;aquestes activitats, \u00e9s fer que els nostres clients quedin satisfets. Mostra d&#8217;aix\u00f2 \u00e9s el gran nombre de persones i empreses que han fet negoci amb nosaltres. Fem col\u00b7laboracions amb diverses immobili\u00e0ries en l&#8217;\u00e0mbit nacional.<\/p><p>Tenim contacte directe amb arquitectes, notaris, advocats i entitats financeres. A m\u00e9s de vendes i lloguers, ens ocupem de tots els tr\u00e0mits relacionats amb temes immobiliaris.<\/p><ul><li>C\u00e8dula d&#8217;habitabilitat<\/li><li>Certificat de eficioencia energ\u00e8tica<\/li><li>Alta de subministraments<\/li><li>Peritatge judicial<\/li><li>Assessorament legal<\/li><li>Cerca de preuspuestos per obres o reformes<\/li><\/ul><figure class=\"wp-block-image size-large\"><img fetchpriority=\"high\" decoding=\"async\" width=\"600\" height=\"400\" class=\"wp-image-397\" src=\"http:\/\/finquesjocar.com\/wp-content\/uploads\/2021\/03\/Jocar03.jpg\" alt=\"\" \/><\/figure>\t\t\t\t\t\t\t\t<\/div>\n\t\t\t\t<\/div>\n\t\t\t\t\t<\/div>\n\t\t<\/div>\n\t\t\t\t\t<\/div>\n\t\t<\/section>\n\t\t\t\t<\/div>\n\t\t","protected":false},"excerpt":{"rendered":"<p>Sobre nosaltres Finques Jocar de La Jonquera, Girona, Alt Empord\u00e0, som una empresa dedicada a la venda, compra, lloguer integral d&#8217;immobles, pisos, cases, apartaments, locals comercials i gesti\u00f3 de comunitats. Dins d&#8217;aquestes activitats, \u00e9s fer que els nostres clients quedin satisfets. Mostra d&#8217;aix\u00f2 \u00e9s el gran nombre de persones i empreses que han fet negoci [&hellip;]<\/p>\n","protected":false},"author":1,"featured_media":0,"parent":0,"menu_order":0,"comment_status":"closed","ping_status":"closed","template":"","meta":{"site-sidebar-layout":"no-sidebar","site-content-layout":"default","ast-site-content-layout":"","site-content-style":"default","site-sidebar-style":"default","ast-global-header-display":"","ast-banner-title-visibility":"","ast-main-header-display":"","ast-hfb-above-header-display":"","ast-hfb-below-header-display":"","ast-hfb-mobile-header-display":"","site-post-title":"disabled","ast-breadcrumbs-content":"","ast-featured-img":"","footer-sml-layout":"","theme-transparent-header-meta":"default","adv-header-id-meta":"","stick-header-meta":"","header-above-stick-meta":"","header-main-stick-meta":"","header-below-stick-meta":"","astra-migrate-meta-layouts":"default","ast-page-background-enabled":"default","ast-page-background-meta":{"desktop":{"background-color":"","background-image":"","background-repeat":"repeat","background-position":"center center","background-size":"auto","background-attachment":"scroll","background-type":"","background-media":"","overlay-type":"","overlay-color":"","overlay-gradient":""},"tablet":{"background-color":"","background-image":"","background-repeat":"repeat","background-position":"center center","background-size":"auto","background-attachment":"scroll","background-type":"","background-media":"","overlay-type":"","overlay-color":"","overlay-gradient":""},"mobile":{"background-color":"","background-image":"","background-repeat":"repeat","background-position":"center center","background-size":"auto","background-attachment":"scroll","background-type":"","background-media":"","overlay-type":"","overlay-color":"","overlay-gradient":""}},"ast-content-background-meta":{"desktop":{"background-color":"var(--ast-global-color-5)","background-image":"","background-repeat":"repeat","background-position":"center center","background-size":"auto","background-attachment":"scroll","background-type":"","background-media":"","overlay-type":"","overlay-color":"","overlay-gradient":""},"tablet":{"background-color":"var(--ast-global-color-5)","background-image":"","background-repeat":"repeat","background-position":"center center","background-size":"auto","background-attachment":"scroll","background-type":"","background-media":"","overlay-type":"","overlay-color":"","overlay-gradient":""},"mobile":{"background-color":"var(--ast-global-color-5)","background-image":"","background-repeat":"repeat","background-position":"center center","background-size":"auto","background-attachment":"scroll","background-type":"","background-media":"","overlay-type":"","overlay-color":"","overlay-gradient":""}},"footnotes":""},"class_list":["post-568","page","type-page","status-publish","hentry"],"yoast_head":"<!-- This site is optimized with the Yoast SEO plugin v24.7 - https:\/\/yoast.com\/wordpress\/plugins\/seo\/ -->\n<title>Sobre nosaltres - Finques Jocar<\/title>\n<meta name=\"robots\" content=\"index, follow, max-snippet:-1, max-image-preview:large, max-video-preview:-1\" \/>\n<link rel=\"canonical\" href=\"https:\/\/finquesjocar.com\/ca\/sobre-nosaltres\/\" \/>\n<meta property=\"og:locale\" content=\"ca_ES\" \/>\n<meta property=\"og:type\" content=\"article\" \/>\n<meta property=\"og:title\" content=\"Sobre nosaltres - Finques Jocar\" \/>\n<meta property=\"og:description\" content=\"Sobre nosaltres Finques Jocar de La Jonquera, Girona, Alt Empord\u00e0, som una empresa dedicada a la venda, compra, lloguer integral d&#8217;immobles, pisos, cases, apartaments, locals comercials i gesti\u00f3 de comunitats. Dins d&#8217;aquestes activitats, \u00e9s fer que els nostres clients quedin satisfets. Mostra d&#8217;aix\u00f2 \u00e9s el gran nombre de persones i empreses que han fet negoci [&hellip;]\" \/>\n<meta property=\"og:url\" content=\"https:\/\/finquesjocar.com\/ca\/sobre-nosaltres\/\" \/>\n<meta property=\"og:site_name\" content=\"Finques Jocar\" \/>\n<meta property=\"article:modified_time\" content=\"2021-03-10T11:13:36+00:00\" \/>\n<meta property=\"og:image\" content=\"https:\/\/finquesjocar.com\/wp-content\/uploads\/2021\/03\/Jocar03.jpg\" \/>\n\t<meta property=\"og:image:width\" content=\"600\" \/>\n\t<meta property=\"og:image:height\" content=\"400\" \/>\n\t<meta property=\"og:image:type\" content=\"image\/jpeg\" \/>\n<meta name=\"twitter:card\" content=\"summary_large_image\" \/>\n<meta name=\"twitter:label1\" content=\"Temps estimat de lectura\" \/>\n\t<meta name=\"twitter:data1\" content=\"1 minut\" \/>\n<script type=\"application\/ld+json\" class=\"yoast-schema-graph\">{\"@context\":\"https:\/\/schema.org\",\"@graph\":[{\"@type\":\"WebPage\",\"@id\":\"https:\/\/finquesjocar.com\/ca\/sobre-nosaltres\/\",\"url\":\"https:\/\/finquesjocar.com\/ca\/sobre-nosaltres\/\",\"name\":\"Sobre nosaltres - Finques Jocar\",\"isPartOf\":{\"@id\":\"https:\/\/finquesjocar.com\/ca\/#website\"},\"primaryImageOfPage\":{\"@id\":\"https:\/\/finquesjocar.com\/ca\/sobre-nosaltres\/#primaryimage\"},\"image\":{\"@id\":\"https:\/\/finquesjocar.com\/ca\/sobre-nosaltres\/#primaryimage\"},\"thumbnailUrl\":\"http:\/\/finquesjocar.com\/wp-content\/uploads\/2021\/03\/Jocar03.jpg\",\"datePublished\":\"2021-03-10T11:06:18+00:00\",\"dateModified\":\"2021-03-10T11:13:36+00:00\",\"breadcrumb\":{\"@id\":\"https:\/\/finquesjocar.com\/ca\/sobre-nosaltres\/#breadcrumb\"},\"inLanguage\":\"ca\",\"potentialAction\":[{\"@type\":\"ReadAction\",\"target\":[\"https:\/\/finquesjocar.com\/ca\/sobre-nosaltres\/\"]}]},{\"@type\":\"ImageObject\",\"inLanguage\":\"ca\",\"@id\":\"https:\/\/finquesjocar.com\/ca\/sobre-nosaltres\/#primaryimage\",\"url\":\"http:\/\/finquesjocar.com\/wp-content\/uploads\/2021\/03\/Jocar03.jpg\",\"contentUrl\":\"http:\/\/finquesjocar.com\/wp-content\/uploads\/2021\/03\/Jocar03.jpg\"},{\"@type\":\"BreadcrumbList\",\"@id\":\"https:\/\/finquesjocar.com\/ca\/sobre-nosaltres\/#breadcrumb\",\"itemListElement\":[{\"@type\":\"ListItem\",\"position\":1,\"name\":\"Portada\",\"item\":\"https:\/\/finquesjocar.com\/ca\/\"},{\"@type\":\"ListItem\",\"position\":2,\"name\":\"Sobre nosaltres\"}]},{\"@type\":\"WebSite\",\"@id\":\"https:\/\/finquesjocar.com\/ca\/#website\",\"url\":\"https:\/\/finquesjocar.com\/ca\/\",\"name\":\"Finques Jocar\",\"description\":\"Finques Jocar en La Junquera, Girona, Alt Empord\u00e0, somos una empresa dedicada a la venta, compra, alquiler integral de inmuebles, pisos, casas, apartamentos, locales comerciales y gest\u00edon de comunidades.\",\"publisher\":{\"@id\":\"https:\/\/finquesjocar.com\/ca\/#organization\"},\"potentialAction\":[{\"@type\":\"SearchAction\",\"target\":{\"@type\":\"EntryPoint\",\"urlTemplate\":\"https:\/\/finquesjocar.com\/ca\/?s={search_term_string}\"},\"query-input\":{\"@type\":\"PropertyValueSpecification\",\"valueRequired\":true,\"valueName\":\"search_term_string\"}}],\"inLanguage\":\"ca\"},{\"@type\":\"Organization\",\"@id\":\"https:\/\/finquesjocar.com\/ca\/#organization\",\"name\":\"Finques Jocar\",\"url\":\"https:\/\/finquesjocar.com\/ca\/\",\"logo\":{\"@type\":\"ImageObject\",\"inLanguage\":\"ca\",\"@id\":\"https:\/\/finquesjocar.com\/ca\/#\/schema\/logo\/image\/\",\"url\":\"https:\/\/finquesjocar.com\/wp-content\/uploads\/2021\/03\/logo-1.png\",\"contentUrl\":\"https:\/\/finquesjocar.com\/wp-content\/uploads\/2021\/03\/logo-1.png\",\"width\":300,\"height\":62,\"caption\":\"Finques Jocar\"},\"image\":{\"@id\":\"https:\/\/finquesjocar.com\/ca\/#\/schema\/logo\/image\/\"}}]}<\/script>\n<!-- \/ Yoast SEO plugin. -->","yoast_head_json":{"title":"Sobre nosaltres - Finques Jocar","robots":{"index":"index","follow":"follow","max-snippet":"max-snippet:-1","max-image-preview":"max-image-preview:large","max-video-preview":"max-video-preview:-1"},"canonical":"https:\/\/finquesjocar.com\/ca\/sobre-nosaltres\/","og_locale":"ca_ES","og_type":"article","og_title":"Sobre nosaltres - Finques Jocar","og_description":"Sobre nosaltres Finques Jocar de La Jonquera, Girona, Alt Empord\u00e0, som una empresa dedicada a la venda, compra, lloguer integral d&#8217;immobles, pisos, cases, apartaments, locals comercials i gesti\u00f3 de comunitats. Dins d&#8217;aquestes activitats, \u00e9s fer que els nostres clients quedin satisfets. Mostra d&#8217;aix\u00f2 \u00e9s el gran nombre de persones i empreses que han fet negoci [&hellip;]","og_url":"https:\/\/finquesjocar.com\/ca\/sobre-nosaltres\/","og_site_name":"Finques Jocar","article_modified_time":"2021-03-10T11:13:36+00:00","og_image":[{"width":600,"height":400,"url":"https:\/\/finquesjocar.com\/wp-content\/uploads\/2021\/03\/Jocar03.jpg","type":"image\/jpeg"}],"twitter_card":"summary_large_image","twitter_misc":{"Temps estimat de lectura":"1 minut"},"schema":{"@context":"https:\/\/schema.org","@graph":[{"@type":"WebPage","@id":"https:\/\/finquesjocar.com\/ca\/sobre-nosaltres\/","url":"https:\/\/finquesjocar.com\/ca\/sobre-nosaltres\/","name":"Sobre nosaltres - Finques Jocar","isPartOf":{"@id":"https:\/\/finquesjocar.com\/ca\/#website"},"primaryImageOfPage":{"@id":"https:\/\/finquesjocar.com\/ca\/sobre-nosaltres\/#primaryimage"},"image":{"@id":"https:\/\/finquesjocar.com\/ca\/sobre-nosaltres\/#primaryimage"},"thumbnailUrl":"http:\/\/finquesjocar.com\/wp-content\/uploads\/2021\/03\/Jocar03.jpg","datePublished":"2021-03-10T11:06:18+00:00","dateModified":"2021-03-10T11:13:36+00:00","breadcrumb":{"@id":"https:\/\/finquesjocar.com\/ca\/sobre-nosaltres\/#breadcrumb"},"inLanguage":"ca","potentialAction":[{"@type":"ReadAction","target":["https:\/\/finquesjocar.com\/ca\/sobre-nosaltres\/"]}]},{"@type":"ImageObject","inLanguage":"ca","@id":"https:\/\/finquesjocar.com\/ca\/sobre-nosaltres\/#primaryimage","url":"http:\/\/finquesjocar.com\/wp-content\/uploads\/2021\/03\/Jocar03.jpg","contentUrl":"http:\/\/finquesjocar.com\/wp-content\/uploads\/2021\/03\/Jocar03.jpg"},{"@type":"BreadcrumbList","@id":"https:\/\/finquesjocar.com\/ca\/sobre-nosaltres\/#breadcrumb","itemListElement":[{"@type":"ListItem","position":1,"name":"Portada","item":"https:\/\/finquesjocar.com\/ca\/"},{"@type":"ListItem","position":2,"name":"Sobre nosaltres"}]},{"@type":"WebSite","@id":"https:\/\/finquesjocar.com\/ca\/#website","url":"https:\/\/finquesjocar.com\/ca\/","name":"Finques Jocar","description":"Finques Jocar en La Junquera, Girona, Alt Empord\u00e0, somos una empresa dedicada a la venta, compra, alquiler integral de inmuebles, pisos, casas, apartamentos, locales comerciales y gest\u00edon de comunidades.","publisher":{"@id":"https:\/\/finquesjocar.com\/ca\/#organization"},"potentialAction":[{"@type":"SearchAction","target":{"@type":"EntryPoint","urlTemplate":"https:\/\/finquesjocar.com\/ca\/?s={search_term_string}"},"query-input":{"@type":"PropertyValueSpecification","valueRequired":true,"valueName":"search_term_string"}}],"inLanguage":"ca"},{"@type":"Organization","@id":"https:\/\/finquesjocar.com\/ca\/#organization","name":"Finques Jocar","url":"https:\/\/finquesjocar.com\/ca\/","logo":{"@type":"ImageObject","inLanguage":"ca","@id":"https:\/\/finquesjocar.com\/ca\/#\/schema\/logo\/image\/","url":"https:\/\/finquesjocar.com\/wp-content\/uploads\/2021\/03\/logo-1.png","contentUrl":"https:\/\/finquesjocar.com\/wp-content\/uploads\/2021\/03\/logo-1.png","width":300,"height":62,"caption":"Finques Jocar"},"image":{"@id":"https:\/\/finquesjocar.com\/ca\/#\/schema\/logo\/image\/"}}]}},"_links":{"self":[{"href":"https:\/\/finquesjocar.com\/ca\/wp-json\/wp\/v2\/pages\/568","targetHints":{"allow":["GET"]}}],"collection":[{"href":"https:\/\/finquesjocar.com\/ca\/wp-json\/wp\/v2\/pages"}],"about":[{"href":"https:\/\/finquesjocar.com\/ca\/wp-json\/wp\/v2\/types\/page"}],"author":[{"embeddable":true,"href":"https:\/\/finquesjocar.com\/ca\/wp-json\/wp\/v2\/users\/1"}],"replies":[{"embeddable":true,"href":"https:\/\/finquesjocar.com\/ca\/wp-json\/wp\/v2\/comments?post=568"}],"version-history":[{"count":6,"href":"https:\/\/finquesjocar.com\/ca\/wp-json\/wp\/v2\/pages\/568\/revisions"}],"predecessor-version":[{"id":599,"href":"https:\/\/finquesjocar.com\/ca\/wp-json\/wp\/v2\/pages\/568\/revisions\/599"}],"wp:attachment":[{"href":"https:\/\/finquesjocar.com\/ca\/wp-json\/wp\/v2\/media?parent=568"}],"curies":[{"name":"wp","href":"https:\/\/api.w.org\/{rel}","templated":true}]}}