{"id":564,"date":"2021-03-10T11:05:00","date_gmt":"2021-03-10T11:05:00","guid":{"rendered":"http:\/\/finquesjocar.com\/serveis\/"},"modified":"2021-03-10T11:12:03","modified_gmt":"2021-03-10T11:12:03","slug":"serveis","status":"publish","type":"page","link":"https:\/\/finquesjocar.com\/ca\/serveis\/","title":{"rendered":"Serveis"},"content":{"rendered":"\t\t<div data-elementor-type=\"wp-page\" data-elementor-id=\"564\" class=\"elementor elementor-564 elementor-402\">\n\t\t\t\t\t\t<section class=\"elementor-section elementor-top-section elementor-element elementor-element-1e8b3b01 elementor-section-boxed elementor-section-height-default elementor-section-height-default\" data-id=\"1e8b3b01\" data-element_type=\"section\">\n\t\t\t\t\t\t<div class=\"elementor-container elementor-column-gap-default\">\n\t\t\t\t\t<div class=\"elementor-column elementor-col-100 elementor-top-column elementor-element elementor-element-1f216cf7\" data-id=\"1f216cf7\" data-element_type=\"column\">\n\t\t\t<div class=\"elementor-widget-wrap elementor-element-populated\">\n\t\t\t\t\t\t<div class=\"elementor-element elementor-element-236fdf0 elementor-widget elementor-widget-heading\" data-id=\"236fdf0\" data-element_type=\"widget\" data-widget_type=\"heading.default\">\n\t\t\t\t<div class=\"elementor-widget-container\">\n\t\t\t\t\t<h1 class=\"elementor-heading-title elementor-size-default\">Serveis<\/h1>\t\t\t\t<\/div>\n\t\t\t\t<\/div>\n\t\t\t\t<div class=\"elementor-element elementor-element-36483e31 elementor-widget elementor-widget-text-editor\" data-id=\"36483e31\" data-element_type=\"widget\" data-widget_type=\"text-editor.default\">\n\t\t\t\t<div class=\"elementor-widget-container\">\n\t\t\t\t\t\t\t\t\t<p><strong>Venda<\/strong>: En primer lloc busquem un comprador mitjan\u00e7ant diferents mitjans, com ara r\u00e8tols, publicitat, Internet, etc. Quan hem contactat amb el client o l&#8217;empresa els oferim la possibilitat d&#8217;ajudar amb el finan\u00e7ament, i posem en proc\u00e9s tot el dispositiu per tal de poder passar escriptures com m\u00e9s aviat millor, entengui notes registrals, notaris, entitats financeres, etc. amb la finalitat que ni venedor ni comprador tinguin cap preocupaci\u00f3 a nivell burocr\u00e0tic. <br \/><br \/><strong>Lloguer<\/strong>: El primordial \u00e9s con\u00e8ixer les prefer\u00e8ncies del propietari, per exemple si es lloga un local comercial cal saber quin tipus de negoci est\u00e0 disposat a deixar explotar a la seva finca, condicions contractuals, etc. Llavors es procedeix a la captaci\u00f3 de l&#8217;arrendatari, que amb pr\u00e8via presentaci\u00f3 al propietari, l&#8217;empresa es compromet a fer les pertinents comprovacions, per tal de poder fer un filtre m\u00e9s efectiu i aix\u00ed poder evitar possibles problemes futurs. <br \/><br \/>En l&#8217;\u00e0mbit del lloguer, ja sigui de local comercial o d&#8217;habitatge, l&#8217;empresa ofereix la possibilitat de la captaci\u00f3 del client, confecci\u00f3 del contracte i dipositar la fian\u00e7a en Incasol, (segons estableix la llei), o gesti\u00f3 integral del lloguer, cobrament mensual, gesti\u00f3 de possibles reparacions que puguin sorgir en la propietat, mediaci\u00f3 en el cas d&#8217;haver desavinences amb els ve\u00efns, etc. <br \/><br \/>Pel que fa a la gesti\u00f3 integral d&#8217;obres en <strong>reformes<\/strong> o obra nova, busquem els millors pressupostos amb industrials garantits, coordinem l&#8217;obra, si cal fem consultes amb l&#8217;arquitecte municipal o sol\u00b7licitem certificats d&#8217;aprofitament urban\u00edstic, permisos d&#8217;obertura, permisos d&#8217;obra, formalitzaci\u00f3 de c\u00e8dula d&#8217;habitabilitat, excessos de cabuda, her\u00e8ncies. etc. <br \/><br \/>Gestionem tot el que comporta l&#8217;obra perqu\u00e8 el nostre client pugui seguir amb la seva vida sense patir els t\u00edpics mals de cap que suposa el fet d&#8217;estar pendents i preocupats per tot el tr\u00e0mit que requereix fer una inversi\u00f3. <br \/><br \/><strong>C\u00e8dula d&#8217;habitabilitat<\/strong>: \u00c9s un requisit indispensable per llei que va entrar en vigor el gener del 2007. Perqu\u00e8 ens fem una idea seria alguna cosa aix\u00ed com la ITV dels vehicles, encara que la revisi\u00f3 \u00e9s cada 15 anys. Aquest certificat \u00e9s imprescindible per poder fer tot tipus d&#8217;operacions amb comptadors de llum i d&#8217;aigua, canvis de nom o de tensions de 125 a 220. <br \/><br \/><strong>Exc\u00e9s de cabuda<\/strong>: Aquest \u00e9s un tr\u00e0mit molt labori\u00f3s i cost\u00f3s, \u00e9s indispensable sobretot quan es vol vendre una propietat que excedeix en un 20% la superf\u00edcie escripturada, i s&#8217;agreuja m\u00e9s quan el comprador necessita un cr\u00e8dit hipotecari. Per aix\u00f2 \u00e9s recomanable si es pret\u00e9n vendre o llogar una propietat, relaizar aquest tr\u00e0mit de seguida, ja que hi ha un temps d&#8217;execuci\u00f3 estimat en uns dos mesos. <br \/><br \/>La burocr\u00e0cia s\u00f3n uns passos a seguir, oferim realitzar la tramitaci\u00f3 amb la finalitat d&#8217;estalviar-despla\u00e7aments al notari. Assessorem desinteressadament sobre preus orientatius del mercat actual, en vendes, en compres, lloguers &#8230; i tota mena d&#8217;informaci\u00f3 sobre tots els serveis que oferim a JOCAR.<\/p>\t\t\t\t\t\t\t\t<\/div>\n\t\t\t\t<\/div>\n\t\t\t\t\t<\/div>\n\t\t<\/div>\n\t\t\t\t\t<\/div>\n\t\t<\/section>\n\t\t\t\t<\/div>\n\t\t","protected":false},"excerpt":{"rendered":"<p>Serveis Venda: En primer lloc busquem un comprador mitjan\u00e7ant diferents mitjans, com ara r\u00e8tols, publicitat, Internet, etc. Quan hem contactat amb el client o l&#8217;empresa els oferim la possibilitat d&#8217;ajudar amb el finan\u00e7ament, i posem en proc\u00e9s tot el dispositiu per tal de poder passar escriptures com m\u00e9s aviat millor, entengui notes registrals, notaris, entitats [&hellip;]<\/p>\n","protected":false},"author":1,"featured_media":0,"parent":0,"menu_order":0,"comment_status":"closed","ping_status":"closed","template":"","meta":{"site-sidebar-layout":"no-sidebar","site-content-layout":"default","ast-site-content-layout":"","site-content-style":"default","site-sidebar-style":"default","ast-global-header-display":"","ast-banner-title-visibility":"","ast-main-header-display":"","ast-hfb-above-header-display":"","ast-hfb-below-header-display":"","ast-hfb-mobile-header-display":"","site-post-title":"disabled","ast-breadcrumbs-content":"","ast-featured-img":"","footer-sml-layout":"","theme-transparent-header-meta":"default","adv-header-id-meta":"","stick-header-meta":"","header-above-stick-meta":"","header-main-stick-meta":"","header-below-stick-meta":"","astra-migrate-meta-layouts":"default","ast-page-background-enabled":"default","ast-page-background-meta":{"desktop":{"background-color":"","background-image":"","background-repeat":"repeat","background-position":"center center","background-size":"auto","background-attachment":"scroll","background-type":"","background-media":"","overlay-type":"","overlay-color":"","overlay-gradient":""},"tablet":{"background-color":"","background-image":"","background-repeat":"repeat","background-position":"center center","background-size":"auto","background-attachment":"scroll","background-type":"","background-media":"","overlay-type":"","overlay-color":"","overlay-gradient":""},"mobile":{"background-color":"","background-image":"","background-repeat":"repeat","background-position":"center center","background-size":"auto","background-attachment":"scroll","background-type":"","background-media":"","overlay-type":"","overlay-color":"","overlay-gradient":""}},"ast-content-background-meta":{"desktop":{"background-color":"var(--ast-global-color-5)","background-image":"","background-repeat":"repeat","background-position":"center center","background-size":"auto","background-attachment":"scroll","background-type":"","background-media":"","overlay-type":"","overlay-color":"","overlay-gradient":""},"tablet":{"background-color":"var(--ast-global-color-5)","background-image":"","background-repeat":"repeat","background-position":"center center","background-size":"auto","background-attachment":"scroll","background-type":"","background-media":"","overlay-type":"","overlay-color":"","overlay-gradient":""},"mobile":{"background-color":"var(--ast-global-color-5)","background-image":"","background-repeat":"repeat","background-position":"center center","background-size":"auto","background-attachment":"scroll","background-type":"","background-media":"","overlay-type":"","overlay-color":"","overlay-gradient":""}},"footnotes":""},"class_list":["post-564","page","type-page","status-publish","hentry"],"yoast_head":"<!-- This site is optimized with the Yoast SEO plugin v24.7 - https:\/\/yoast.com\/wordpress\/plugins\/seo\/ -->\n<title>Serveis - Finques Jocar<\/title>\n<meta name=\"robots\" content=\"index, follow, max-snippet:-1, max-image-preview:large, max-video-preview:-1\" \/>\n<link rel=\"canonical\" href=\"https:\/\/finquesjocar.com\/ca\/serveis\/\" \/>\n<meta property=\"og:locale\" content=\"ca_ES\" \/>\n<meta property=\"og:type\" content=\"article\" \/>\n<meta property=\"og:title\" content=\"Serveis - Finques Jocar\" \/>\n<meta property=\"og:description\" content=\"Serveis Venda: En primer lloc busquem un comprador mitjan\u00e7ant diferents mitjans, com ara r\u00e8tols, publicitat, Internet, etc. Quan hem contactat amb el client o l&#8217;empresa els oferim la possibilitat d&#8217;ajudar amb el finan\u00e7ament, i posem en proc\u00e9s tot el dispositiu per tal de poder passar escriptures com m\u00e9s aviat millor, entengui notes registrals, notaris, entitats [&hellip;]\" \/>\n<meta property=\"og:url\" content=\"https:\/\/finquesjocar.com\/ca\/serveis\/\" \/>\n<meta property=\"og:site_name\" content=\"Finques Jocar\" \/>\n<meta property=\"article:modified_time\" content=\"2021-03-10T11:12:03+00:00\" \/>\n<meta name=\"twitter:card\" content=\"summary_large_image\" \/>\n<meta name=\"twitter:label1\" content=\"Temps estimat de lectura\" \/>\n\t<meta name=\"twitter:data1\" content=\"2 minuts\" \/>\n<script type=\"application\/ld+json\" class=\"yoast-schema-graph\">{\"@context\":\"https:\/\/schema.org\",\"@graph\":[{\"@type\":\"WebPage\",\"@id\":\"https:\/\/finquesjocar.com\/ca\/serveis\/\",\"url\":\"https:\/\/finquesjocar.com\/ca\/serveis\/\",\"name\":\"Serveis - Finques Jocar\",\"isPartOf\":{\"@id\":\"https:\/\/finquesjocar.com\/ca\/#website\"},\"datePublished\":\"2021-03-10T11:05:00+00:00\",\"dateModified\":\"2021-03-10T11:12:03+00:00\",\"breadcrumb\":{\"@id\":\"https:\/\/finquesjocar.com\/ca\/serveis\/#breadcrumb\"},\"inLanguage\":\"ca\",\"potentialAction\":[{\"@type\":\"ReadAction\",\"target\":[\"https:\/\/finquesjocar.com\/ca\/serveis\/\"]}]},{\"@type\":\"BreadcrumbList\",\"@id\":\"https:\/\/finquesjocar.com\/ca\/serveis\/#breadcrumb\",\"itemListElement\":[{\"@type\":\"ListItem\",\"position\":1,\"name\":\"Portada\",\"item\":\"https:\/\/finquesjocar.com\/ca\/\"},{\"@type\":\"ListItem\",\"position\":2,\"name\":\"Serveis\"}]},{\"@type\":\"WebSite\",\"@id\":\"https:\/\/finquesjocar.com\/ca\/#website\",\"url\":\"https:\/\/finquesjocar.com\/ca\/\",\"name\":\"Finques Jocar\",\"description\":\"Finques Jocar en La Junquera, Girona, Alt Empord\u00e0, somos una empresa dedicada a la venta, compra, alquiler integral de inmuebles, pisos, casas, apartamentos, locales comerciales y gest\u00edon de comunidades.\",\"publisher\":{\"@id\":\"https:\/\/finquesjocar.com\/ca\/#organization\"},\"potentialAction\":[{\"@type\":\"SearchAction\",\"target\":{\"@type\":\"EntryPoint\",\"urlTemplate\":\"https:\/\/finquesjocar.com\/ca\/?s={search_term_string}\"},\"query-input\":{\"@type\":\"PropertyValueSpecification\",\"valueRequired\":true,\"valueName\":\"search_term_string\"}}],\"inLanguage\":\"ca\"},{\"@type\":\"Organization\",\"@id\":\"https:\/\/finquesjocar.com\/ca\/#organization\",\"name\":\"Finques Jocar\",\"url\":\"https:\/\/finquesjocar.com\/ca\/\",\"logo\":{\"@type\":\"ImageObject\",\"inLanguage\":\"ca\",\"@id\":\"https:\/\/finquesjocar.com\/ca\/#\/schema\/logo\/image\/\",\"url\":\"https:\/\/finquesjocar.com\/wp-content\/uploads\/2021\/03\/logo-1.png\",\"contentUrl\":\"https:\/\/finquesjocar.com\/wp-content\/uploads\/2021\/03\/logo-1.png\",\"width\":300,\"height\":62,\"caption\":\"Finques Jocar\"},\"image\":{\"@id\":\"https:\/\/finquesjocar.com\/ca\/#\/schema\/logo\/image\/\"}}]}<\/script>\n<!-- \/ Yoast SEO plugin. -->","yoast_head_json":{"title":"Serveis - Finques Jocar","robots":{"index":"index","follow":"follow","max-snippet":"max-snippet:-1","max-image-preview":"max-image-preview:large","max-video-preview":"max-video-preview:-1"},"canonical":"https:\/\/finquesjocar.com\/ca\/serveis\/","og_locale":"ca_ES","og_type":"article","og_title":"Serveis - Finques Jocar","og_description":"Serveis Venda: En primer lloc busquem un comprador mitjan\u00e7ant diferents mitjans, com ara r\u00e8tols, publicitat, Internet, etc. Quan hem contactat amb el client o l&#8217;empresa els oferim la possibilitat d&#8217;ajudar amb el finan\u00e7ament, i posem en proc\u00e9s tot el dispositiu per tal de poder passar escriptures com m\u00e9s aviat millor, entengui notes registrals, notaris, entitats [&hellip;]","og_url":"https:\/\/finquesjocar.com\/ca\/serveis\/","og_site_name":"Finques Jocar","article_modified_time":"2021-03-10T11:12:03+00:00","twitter_card":"summary_large_image","twitter_misc":{"Temps estimat de lectura":"2 minuts"},"schema":{"@context":"https:\/\/schema.org","@graph":[{"@type":"WebPage","@id":"https:\/\/finquesjocar.com\/ca\/serveis\/","url":"https:\/\/finquesjocar.com\/ca\/serveis\/","name":"Serveis - Finques Jocar","isPartOf":{"@id":"https:\/\/finquesjocar.com\/ca\/#website"},"datePublished":"2021-03-10T11:05:00+00:00","dateModified":"2021-03-10T11:12:03+00:00","breadcrumb":{"@id":"https:\/\/finquesjocar.com\/ca\/serveis\/#breadcrumb"},"inLanguage":"ca","potentialAction":[{"@type":"ReadAction","target":["https:\/\/finquesjocar.com\/ca\/serveis\/"]}]},{"@type":"BreadcrumbList","@id":"https:\/\/finquesjocar.com\/ca\/serveis\/#breadcrumb","itemListElement":[{"@type":"ListItem","position":1,"name":"Portada","item":"https:\/\/finquesjocar.com\/ca\/"},{"@type":"ListItem","position":2,"name":"Serveis"}]},{"@type":"WebSite","@id":"https:\/\/finquesjocar.com\/ca\/#website","url":"https:\/\/finquesjocar.com\/ca\/","name":"Finques Jocar","description":"Finques Jocar en La Junquera, Girona, Alt Empord\u00e0, somos una empresa dedicada a la venta, compra, alquiler integral de inmuebles, pisos, casas, apartamentos, locales comerciales y gest\u00edon de comunidades.","publisher":{"@id":"https:\/\/finquesjocar.com\/ca\/#organization"},"potentialAction":[{"@type":"SearchAction","target":{"@type":"EntryPoint","urlTemplate":"https:\/\/finquesjocar.com\/ca\/?s={search_term_string}"},"query-input":{"@type":"PropertyValueSpecification","valueRequired":true,"valueName":"search_term_string"}}],"inLanguage":"ca"},{"@type":"Organization","@id":"https:\/\/finquesjocar.com\/ca\/#organization","name":"Finques Jocar","url":"https:\/\/finquesjocar.com\/ca\/","logo":{"@type":"ImageObject","inLanguage":"ca","@id":"https:\/\/finquesjocar.com\/ca\/#\/schema\/logo\/image\/","url":"https:\/\/finquesjocar.com\/wp-content\/uploads\/2021\/03\/logo-1.png","contentUrl":"https:\/\/finquesjocar.com\/wp-content\/uploads\/2021\/03\/logo-1.png","width":300,"height":62,"caption":"Finques Jocar"},"image":{"@id":"https:\/\/finquesjocar.com\/ca\/#\/schema\/logo\/image\/"}}]}},"_links":{"self":[{"href":"https:\/\/finquesjocar.com\/ca\/wp-json\/wp\/v2\/pages\/564","targetHints":{"allow":["GET"]}}],"collection":[{"href":"https:\/\/finquesjocar.com\/ca\/wp-json\/wp\/v2\/pages"}],"about":[{"href":"https:\/\/finquesjocar.com\/ca\/wp-json\/wp\/v2\/types\/page"}],"author":[{"embeddable":true,"href":"https:\/\/finquesjocar.com\/ca\/wp-json\/wp\/v2\/users\/1"}],"replies":[{"embeddable":true,"href":"https:\/\/finquesjocar.com\/ca\/wp-json\/wp\/v2\/comments?post=564"}],"version-history":[{"count":6,"href":"https:\/\/finquesjocar.com\/ca\/wp-json\/wp\/v2\/pages\/564\/revisions"}],"predecessor-version":[{"id":595,"href":"https:\/\/finquesjocar.com\/ca\/wp-json\/wp\/v2\/pages\/564\/revisions\/595"}],"wp:attachment":[{"href":"https:\/\/finquesjocar.com\/ca\/wp-json\/wp\/v2\/media?parent=564"}],"curies":[{"name":"wp","href":"https:\/\/api.w.org\/{rel}","templated":true}]}}