{"id":559,"date":"2021-03-10T11:01:10","date_gmt":"2021-03-10T11:01:10","guid":{"rendered":"http:\/\/finquesjocar.com\/politica-de-cookies\/"},"modified":"2022-04-14T12:58:44","modified_gmt":"2022-04-14T12:58:44","slug":"politica-de-cookies","status":"publish","type":"page","link":"https:\/\/finquesjocar.com\/ca\/politica-de-cookies\/","title":{"rendered":"Pol\u00edtica de Cookies"},"content":{"rendered":"<p>El objetivo de esta\u00a0pol\u00edtica es informar a los interesados acerca de las cookies que emplea esta p\u00e1gina web de conformidad con lo establecido en la Ley 34\/2002, de 11 de julio, de Servicios de la Sociedad de la Informaci\u00f3n y de Comercio Electr\u00f3nico, y el Reglamento (UE) 2016\/679 del Parlamento Europeo y del Consejo de 27 de abril de 2016.<\/p>\n<h4>1. USO DE COOKIES. \u00bfQU\u00c9 SON LAS COOKIES?<\/h4>\n<p>Las cookies son ficheros que se descargan en su Ordenador, Smartphone o Tablet al acceder a determinadas p\u00e1ginas web. La utilizaci\u00f3n de cookies, ofrece numerosas ventajas en la prestaci\u00f3n de servicios de la Sociedad de la Informaci\u00f3n, puesto que, entre otras: (a) facilita la navegaci\u00f3n del usuario en el Sitio Web; (b) facilita al usuario el acceso a los diferentes servicios que ofrece el Sitio Web; (c) evita al usuario volver a configurar caracter\u00edsticas generales predefinidas cada vez que accede al Sitio Web; (d) favorece la mejora del funcionamiento y de los servicios prestados a trav\u00e9s del Sitio Web, tras el correspondiente an\u00e1lisis de la informaci\u00f3n obtenida a trav\u00e9s de las cookies instaladas; (e) permiten a un Sitio Web, entre otras cosas, almacenar y recuperar informaci\u00f3n sobre los h\u00e1bitos de navegaci\u00f3n de un usuario o de su equipo y, dependiendo de la informaci\u00f3n que contengan y de la forma en que utilice su equipo, pueden utilizarse para reconocer al usuario.<\/p>\n<p>La mayor\u00eda de los navegadores aceptan como est\u00e1ndar a las cookies y, con independencia de las mismas, permiten o impiden en los ajustes de seguridad las cookies temporales o memorizadas.<\/p>\n<p>Ten en cuenta que para poder utilizar y contar con una mejor experiencia de navegaci\u00f3n,\u00a0\u00a0es necesario que tengas habilitadas las cookies, especialmente aquellas de car\u00e1cter t\u00e9cnico que resultan necesarias para que pueda identificarte como usuario registrado cada vez que accedas a la presente web. En caso de no querer recibir cookies, por favor, configure su navegador de internet, para que las borre del disco duro de su ordenador, las bloquee o le avise en su caso de instalaci\u00f3n de las mismas.<\/p>\n<h4>2. \u00bfQU\u00c9 TIPOS DE COOKIES UTILIZA ESTA P\u00c1GINA WEB?<\/h4>\n<p><strong> Cookies utilizadas en este sitio web.<\/strong><\/p>\n<p>Siguiendo las directrices de la Agencia Espa\u00f1ola de Protecci\u00f3n de Datos, procedemos a detallar el uso de las cookies que esta p\u00e1gina web emplea, con el fin de proporcionarle la m\u00e1xima informaci\u00f3n posible.<\/p>\n<p><strong>Cookies Propias:<\/strong><\/p>\n<p>Son aquellas que se env\u00edan al equipo terminal del usuario desde un equipo o dominio gestionado por el propio editor y desde el que se presta el servicio solicitado por el usuario.<\/p>\n<p>A continuaci\u00f3n la lista de las que utilizamos:<\/p>\n<p><strong>Cookies de Terceros: <\/strong><\/p>\n<p>Son aquellas que se env\u00edan al equipo terminal del usuario desde un equipo o dominio que no es gestionado por el editor, sino por otra entidad que trata los datos obtenidos trav\u00e9s de las cookies.<\/p>\n<p>FINQUES J CARLES SLU no se hace responsable, en ning\u00fan caso ni del contenido ni de la veracidad de las pol\u00edticas y\/o condiciones de uso y privacidad de los terceros, incluidos, a trav\u00e9s de los enlaces, en esta pol\u00edtica.<\/p>\n<h4>3. CONSENTIMIENTO<\/h4>\n<p>En relaci\u00f3n con la utilizaci\u00f3n de cookies de este sitio web, el usuario autoriza y consiente su uso de la siguiente forma:<\/p>\n<p>Cuando el usuario accede a cualquier p\u00e1gina de la web, ver\u00e1 un aviso donde se indica que la p\u00e1gina web de FINQUES J CARLES SLU utiliza cookies, pudiendo el usuario aceptar o rechazar el uso de las mismas a trav\u00e9s de la configuraci\u00f3n de su navegador. Al hacer click en aceptar, usted acepta el uso de nuestras cookies y en su caso las de los terceros. El panel de configuraci\u00f3n\/privacidad le permite la posibilidad de aceptarlas por tipolog\u00eda.<\/p>\n<h4>4. PLAZOS O CRITERIOS DE CONSERVACI\u00d3N DE LOS DATOS.<\/h4>\n<p>Los datos personales proporcionados se conservar\u00e1n durante el tiempo necesario para cumplir con las finalidades para los que fueron recopilados inicialmente.<\/p>\n<p>Una vez que los datos dejen de ser necesarios para el tratamiento en cuesti\u00f3n, estos se mantendr\u00e1n debidamente bloqueados para, en su caso, ponerlos a disposici\u00f3n de las Administraciones y Organismos P\u00fablicas competentes, Jueces y Tribunales o el Ministerio Fiscal, durante el plazo de prescripci\u00f3n de las acciones que pudieran derivarse de la relaci\u00f3n mantenida con el cliente y\/o los plazos de conservaci\u00f3n previstos legalmente.<\/p>\n<p>\u2022 <strong>EL C\u00d3DIGO CIVIL<\/strong>. Entre 5 o 15 a\u00f1os seg\u00fan el caso, atendiendo a lo dispuesto en el art\u00edculo 1964.2 del cuerpo legal mencionado.<br \/>\n\u2022 <strong>EL C\u00d3DIGO DEL COMERCIO<\/strong>. Durante 6 a\u00f1os, atendiendo a dispuesto en el art\u00edculo 30 del cuerpo legal mencionado. Se aplica respecto de la informaci\u00f3n mercantil relacionada con (facturas emitidas y recibidas, tickets, facturas rectificativas, documentos bancarios, etc.).<br \/>\n\u2022 <strong>LA LEY GENERAL TRIBUTARIA<\/strong>. Durante 4 a\u00f1os atendiendo a dispuesto en los art\u00edculos 66 a 70 del cuerpo legal mencionado. Se aplica a la informaci\u00f3n relacionada con las obligaciones fiscales.<br \/>\n\u2022<strong> LEY 10\/2010, DE 28 DE ABRIL, DE PREVENCI\u00d3N DEL BLANQUEO DE CAPITALES Y DE LA FINANCIACI\u00d3N DEL TERRORISMO<\/strong>. Durante 10 a\u00f1os atendiendo a lo dispuesto en 25 de la ley.<\/p>\n<h4>5. C\u00d3MO BLOQUEAR REVOCAR O ELIMINAR LAS COOKIES INSTALADAS<\/h4>\n<p>Puede usted permitir, bloquear, revocar o eliminar las cookies instaladas en su equipo mediante la configuraci\u00f3n de las opciones de su navegador. Puede encontrar informaci\u00f3n sobre c\u00f3mo hacerlo, en relaci\u00f3n con los navegadores m\u00e1s comunes en los links que se incluyen a continuaci\u00f3n:<\/p>\n<p>Explorer: https:\/\/support.microsoft.com\/es-es\/kb\/278835<br \/>\nMicrosoft Edge: https:\/\/privacy.microsoft.com\/es-es\/windows-10-microsoft-edge-and-privacy<br \/>\nChrome:https:\/\/support.google.com\/chrome\/answer\/95647?co=GENIE.Platform%3DDesktop&amp;hl=esttp:\/\/support.google.com\/chrome\/bin\/answer.py?hl=es&amp;answer=95647<br \/>\nFirefox: http:\/\/support.mozilla.org\/es\/kb\/Borrar%20cookies<br \/>\nSafari: http:\/\/support.apple.com\/kb\/ph5042. Opera: https:\/\/help.opera.com\/en\/latest\/web-preferences\/#cookies<\/p>\n<p>Le informamos, no obstante, de la posibilidad de que la desactivaci\u00f3n de alguna cookie impida o dificulte la navegaci\u00f3n o la prestaci\u00f3n de los servicios ofrecidos en la p\u00e1gina web.<\/p>\n<p>Para poder revocar al cookies inicialmente aceptadas, debe hacer click en el bot\u00f3n: \u201crevocar cookies\u201d.<\/p>\n<h4>6. DESTINATARIOS DE LA INFORMACI\u00d3N<\/h4>\n<p>Tendr\u00e1n acceso a la informaci\u00f3n obtenida a trav\u00e9s de las cookies del sitio web las empresas colaboradoras detalladas en el Panel de Configuraci\u00f3n, donde podr\u00e1s asimismo consultar las finalidades con las que la utilizan y sus respectivas pol\u00edticas de privacidad.<\/p>\n<p>Asimismo, te informamos de que algunos de nuestros proveedores as\u00ed como empresas colaboradoras pueden realizar transferencias a terceros pa\u00edses. Puedes informarte de las transferencias a terceros pa\u00edses que, en su caso, realizan en sus correspondientes pol\u00edticas de privacidad, accesibles a trav\u00e9s de los enlaces facilitados en el Panel de Configuraci\u00f3n.<\/p>\n<h4>7. MODIFICACIONES\/ ACTUALIZACI\u00d3N<\/h4>\n<p>La presente pol\u00edtica de cookies puede verse modificada\/actualizada en funci\u00f3n de las exigencias legales establecidas o con la finalidad de adaptar dicha pol\u00edtica a las instrucciones dictadas por la Agencia Espa\u00f1ola de Protecci\u00f3n de Datos o cambios en nuestro sitio web. P<\/p>\n<p>or esta raz\u00f3n, aconsejamos a los usuarios que visiten peri\u00f3dicamente nuestra pol\u00edtica de cookies.<\/p>\n<p>Si tiene dudas acerca de esta pol\u00edtica de cookies, puede contactar con FINQUES J CARLES SLU a trav\u00e9s del siguiente correo electr\u00f3nico: compras@finquesjocar.com<\/p>\n<p>Puede acudir a la <a href=\"https:\/\/finquesjocar.com\/politica-privacidad\/\">Pol\u00edtica de Privacidad<\/a> para obtener m\u00e1s informaci\u00f3n sobre el tratamiento de sus datos personales mediante el uso de cookies.<\/p>\n","protected":false},"excerpt":{"rendered":"<p>El objetivo de esta\u00a0pol\u00edtica es informar a los interesados acerca de las cookies que emplea esta p\u00e1gina web de conformidad con lo establecido en la Ley 34\/2002, de 11 de julio, de Servicios de la Sociedad de la Informaci\u00f3n y de Comercio Electr\u00f3nico, y el Reglamento (UE) 2016\/679 del Parlamento Europeo y del Consejo de [&hellip;]<\/p>\n","protected":false},"author":1,"featured_media":0,"parent":0,"menu_order":0,"comment_status":"closed","ping_status":"closed","template":"","meta":{"site-sidebar-layout":"no-sidebar","site-content-layout":"content-boxed-container","ast-site-content-layout":"","site-content-style":"default","site-sidebar-style":"default","ast-global-header-display":"","ast-banner-title-visibility":"","ast-main-header-display":"","ast-hfb-above-header-display":"","ast-hfb-below-header-display":"","ast-hfb-mobile-header-display":"","site-post-title":"","ast-breadcrumbs-content":"","ast-featured-img":"","footer-sml-layout":"","theme-transparent-header-meta":"default","adv-header-id-meta":"","stick-header-meta":"","header-above-stick-meta":"","header-main-stick-meta":"","header-below-stick-meta":"","astra-migrate-meta-layouts":"default","ast-page-background-enabled":"default","ast-page-background-meta":{"desktop":{"background-color":"","background-image":"","background-repeat":"repeat","background-position":"center center","background-size":"auto","background-attachment":"scroll","background-type":"","background-media":"","overlay-type":"","overlay-color":"","overlay-gradient":""},"tablet":{"background-color":"","background-image":"","background-repeat":"repeat","background-position":"center center","background-size":"auto","background-attachment":"scroll","background-type":"","background-media":"","overlay-type":"","overlay-color":"","overlay-gradient":""},"mobile":{"background-color":"","background-image":"","background-repeat":"repeat","background-position":"center center","background-size":"auto","background-attachment":"scroll","background-type":"","background-media":"","overlay-type":"","overlay-color":"","overlay-gradient":""}},"ast-content-background-meta":{"desktop":{"background-color":"var(--ast-global-color-5)","background-image":"","background-repeat":"repeat","background-position":"center center","background-size":"auto","background-attachment":"scroll","background-type":"","background-media":"","overlay-type":"","overlay-color":"","overlay-gradient":""},"tablet":{"background-color":"var(--ast-global-color-5)","background-image":"","background-repeat":"repeat","background-position":"center center","background-size":"auto","background-attachment":"scroll","background-type":"","background-media":"","overlay-type":"","overlay-color":"","overlay-gradient":""},"mobile":{"background-color":"var(--ast-global-color-5)","background-image":"","background-repeat":"repeat","background-position":"center center","background-size":"auto","background-attachment":"scroll","background-type":"","background-media":"","overlay-type":"","overlay-color":"","overlay-gradient":""}},"footnotes":""},"class_list":["post-559","page","type-page","status-publish","hentry"],"yoast_head":"<!-- This site is optimized with the Yoast SEO plugin v24.7 - https:\/\/yoast.com\/wordpress\/plugins\/seo\/ -->\n<title>Pol\u00edtica de Cookies - Finques Jocar<\/title>\n<meta name=\"robots\" content=\"index, follow, max-snippet:-1, max-image-preview:large, max-video-preview:-1\" \/>\n<link rel=\"canonical\" href=\"https:\/\/finquesjocar.com\/ca\/politica-de-cookies\/\" \/>\n<meta property=\"og:locale\" content=\"ca_ES\" \/>\n<meta property=\"og:type\" content=\"article\" \/>\n<meta property=\"og:title\" content=\"Pol\u00edtica de Cookies - Finques Jocar\" \/>\n<meta property=\"og:description\" content=\"El objetivo de esta\u00a0pol\u00edtica es informar a los interesados acerca de las cookies que emplea esta p\u00e1gina web de conformidad con lo establecido en la Ley 34\/2002, de 11 de julio, de Servicios de la Sociedad de la Informaci\u00f3n y de Comercio Electr\u00f3nico, y el Reglamento (UE) 2016\/679 del Parlamento Europeo y del Consejo de [&hellip;]\" \/>\n<meta property=\"og:url\" content=\"https:\/\/finquesjocar.com\/ca\/politica-de-cookies\/\" \/>\n<meta property=\"og:site_name\" content=\"Finques Jocar\" \/>\n<meta property=\"article:modified_time\" content=\"2022-04-14T12:58:44+00:00\" \/>\n<meta name=\"twitter:card\" content=\"summary_large_image\" \/>\n<meta name=\"twitter:label1\" content=\"Temps estimat de lectura\" \/>\n\t<meta name=\"twitter:data1\" content=\"6 minuts\" \/>\n<script type=\"application\/ld+json\" class=\"yoast-schema-graph\">{\"@context\":\"https:\/\/schema.org\",\"@graph\":[{\"@type\":\"WebPage\",\"@id\":\"https:\/\/finquesjocar.com\/ca\/politica-de-cookies\/\",\"url\":\"https:\/\/finquesjocar.com\/ca\/politica-de-cookies\/\",\"name\":\"Pol\u00edtica de Cookies - Finques Jocar\",\"isPartOf\":{\"@id\":\"https:\/\/finquesjocar.com\/ca\/#website\"},\"datePublished\":\"2021-03-10T11:01:10+00:00\",\"dateModified\":\"2022-04-14T12:58:44+00:00\",\"breadcrumb\":{\"@id\":\"https:\/\/finquesjocar.com\/ca\/politica-de-cookies\/#breadcrumb\"},\"inLanguage\":\"ca\",\"potentialAction\":[{\"@type\":\"ReadAction\",\"target\":[\"https:\/\/finquesjocar.com\/ca\/politica-de-cookies\/\"]}]},{\"@type\":\"BreadcrumbList\",\"@id\":\"https:\/\/finquesjocar.com\/ca\/politica-de-cookies\/#breadcrumb\",\"itemListElement\":[{\"@type\":\"ListItem\",\"position\":1,\"name\":\"Portada\",\"item\":\"https:\/\/finquesjocar.com\/ca\/\"},{\"@type\":\"ListItem\",\"position\":2,\"name\":\"Pol\u00edtica de Cookies\"}]},{\"@type\":\"WebSite\",\"@id\":\"https:\/\/finquesjocar.com\/ca\/#website\",\"url\":\"https:\/\/finquesjocar.com\/ca\/\",\"name\":\"Finques Jocar\",\"description\":\"Finques Jocar en La Junquera, Girona, Alt Empord\u00e0, somos una empresa dedicada a la venta, compra, alquiler integral de inmuebles, pisos, casas, apartamentos, locales comerciales y gest\u00edon de comunidades.\",\"publisher\":{\"@id\":\"https:\/\/finquesjocar.com\/ca\/#organization\"},\"potentialAction\":[{\"@type\":\"SearchAction\",\"target\":{\"@type\":\"EntryPoint\",\"urlTemplate\":\"https:\/\/finquesjocar.com\/ca\/?s={search_term_string}\"},\"query-input\":{\"@type\":\"PropertyValueSpecification\",\"valueRequired\":true,\"valueName\":\"search_term_string\"}}],\"inLanguage\":\"ca\"},{\"@type\":\"Organization\",\"@id\":\"https:\/\/finquesjocar.com\/ca\/#organization\",\"name\":\"Finques Jocar\",\"url\":\"https:\/\/finquesjocar.com\/ca\/\",\"logo\":{\"@type\":\"ImageObject\",\"inLanguage\":\"ca\",\"@id\":\"https:\/\/finquesjocar.com\/ca\/#\/schema\/logo\/image\/\",\"url\":\"https:\/\/finquesjocar.com\/wp-content\/uploads\/2021\/03\/logo-1.png\",\"contentUrl\":\"https:\/\/finquesjocar.com\/wp-content\/uploads\/2021\/03\/logo-1.png\",\"width\":300,\"height\":62,\"caption\":\"Finques Jocar\"},\"image\":{\"@id\":\"https:\/\/finquesjocar.com\/ca\/#\/schema\/logo\/image\/\"}}]}<\/script>\n<!-- \/ Yoast SEO plugin. -->","yoast_head_json":{"title":"Pol\u00edtica de Cookies - Finques Jocar","robots":{"index":"index","follow":"follow","max-snippet":"max-snippet:-1","max-image-preview":"max-image-preview:large","max-video-preview":"max-video-preview:-1"},"canonical":"https:\/\/finquesjocar.com\/ca\/politica-de-cookies\/","og_locale":"ca_ES","og_type":"article","og_title":"Pol\u00edtica de Cookies - Finques Jocar","og_description":"El objetivo de esta\u00a0pol\u00edtica es informar a los interesados acerca de las cookies que emplea esta p\u00e1gina web de conformidad con lo establecido en la Ley 34\/2002, de 11 de julio, de Servicios de la Sociedad de la Informaci\u00f3n y de Comercio Electr\u00f3nico, y el Reglamento (UE) 2016\/679 del Parlamento Europeo y del Consejo de [&hellip;]","og_url":"https:\/\/finquesjocar.com\/ca\/politica-de-cookies\/","og_site_name":"Finques Jocar","article_modified_time":"2022-04-14T12:58:44+00:00","twitter_card":"summary_large_image","twitter_misc":{"Temps estimat de lectura":"6 minuts"},"schema":{"@context":"https:\/\/schema.org","@graph":[{"@type":"WebPage","@id":"https:\/\/finquesjocar.com\/ca\/politica-de-cookies\/","url":"https:\/\/finquesjocar.com\/ca\/politica-de-cookies\/","name":"Pol\u00edtica de Cookies - Finques Jocar","isPartOf":{"@id":"https:\/\/finquesjocar.com\/ca\/#website"},"datePublished":"2021-03-10T11:01:10+00:00","dateModified":"2022-04-14T12:58:44+00:00","breadcrumb":{"@id":"https:\/\/finquesjocar.com\/ca\/politica-de-cookies\/#breadcrumb"},"inLanguage":"ca","potentialAction":[{"@type":"ReadAction","target":["https:\/\/finquesjocar.com\/ca\/politica-de-cookies\/"]}]},{"@type":"BreadcrumbList","@id":"https:\/\/finquesjocar.com\/ca\/politica-de-cookies\/#breadcrumb","itemListElement":[{"@type":"ListItem","position":1,"name":"Portada","item":"https:\/\/finquesjocar.com\/ca\/"},{"@type":"ListItem","position":2,"name":"Pol\u00edtica de Cookies"}]},{"@type":"WebSite","@id":"https:\/\/finquesjocar.com\/ca\/#website","url":"https:\/\/finquesjocar.com\/ca\/","name":"Finques Jocar","description":"Finques Jocar en La Junquera, Girona, Alt Empord\u00e0, somos una empresa dedicada a la venta, compra, alquiler integral de inmuebles, pisos, casas, apartamentos, locales comerciales y gest\u00edon de comunidades.","publisher":{"@id":"https:\/\/finquesjocar.com\/ca\/#organization"},"potentialAction":[{"@type":"SearchAction","target":{"@type":"EntryPoint","urlTemplate":"https:\/\/finquesjocar.com\/ca\/?s={search_term_string}"},"query-input":{"@type":"PropertyValueSpecification","valueRequired":true,"valueName":"search_term_string"}}],"inLanguage":"ca"},{"@type":"Organization","@id":"https:\/\/finquesjocar.com\/ca\/#organization","name":"Finques Jocar","url":"https:\/\/finquesjocar.com\/ca\/","logo":{"@type":"ImageObject","inLanguage":"ca","@id":"https:\/\/finquesjocar.com\/ca\/#\/schema\/logo\/image\/","url":"https:\/\/finquesjocar.com\/wp-content\/uploads\/2021\/03\/logo-1.png","contentUrl":"https:\/\/finquesjocar.com\/wp-content\/uploads\/2021\/03\/logo-1.png","width":300,"height":62,"caption":"Finques Jocar"},"image":{"@id":"https:\/\/finquesjocar.com\/ca\/#\/schema\/logo\/image\/"}}]}},"_links":{"self":[{"href":"https:\/\/finquesjocar.com\/ca\/wp-json\/wp\/v2\/pages\/559","targetHints":{"allow":["GET"]}}],"collection":[{"href":"https:\/\/finquesjocar.com\/ca\/wp-json\/wp\/v2\/pages"}],"about":[{"href":"https:\/\/finquesjocar.com\/ca\/wp-json\/wp\/v2\/types\/page"}],"author":[{"embeddable":true,"href":"https:\/\/finquesjocar.com\/ca\/wp-json\/wp\/v2\/users\/1"}],"replies":[{"embeddable":true,"href":"https:\/\/finquesjocar.com\/ca\/wp-json\/wp\/v2\/comments?post=559"}],"version-history":[{"count":2,"href":"https:\/\/finquesjocar.com\/ca\/wp-json\/wp\/v2\/pages\/559\/revisions"}],"predecessor-version":[{"id":2030,"href":"https:\/\/finquesjocar.com\/ca\/wp-json\/wp\/v2\/pages\/559\/revisions\/2030"}],"wp:attachment":[{"href":"https:\/\/finquesjocar.com\/ca\/wp-json\/wp\/v2\/media?parent=559"}],"curies":[{"name":"wp","href":"https:\/\/api.w.org\/{rel}","templated":true}]}}