{"id":557,"date":"2021-03-10T11:00:25","date_gmt":"2021-03-10T11:00:25","guid":{"rendered":"http:\/\/finquesjocar.com\/contacte-situacio\/"},"modified":"2021-03-10T11:00:25","modified_gmt":"2021-03-10T11:00:25","slug":"contacte-situacio","status":"publish","type":"page","link":"https:\/\/finquesjocar.com\/ca\/contacte-situacio\/","title":{"rendered":"Contacte-Situaci\u00f3"},"content":{"rendered":"\t\t<div data-elementor-type=\"wp-page\" data-elementor-id=\"557\" class=\"elementor elementor-557 elementor-394\">\n\t\t\t\t\t\t<section class=\"elementor-section elementor-top-section elementor-element elementor-element-c54848b elementor-section-boxed elementor-section-height-default elementor-section-height-default\" data-id=\"c54848b\" data-element_type=\"section\">\n\t\t\t\t\t\t<div class=\"elementor-container elementor-column-gap-default\">\n\t\t\t\t\t<div class=\"elementor-column elementor-col-50 elementor-top-column elementor-element elementor-element-d0302f3\" data-id=\"d0302f3\" data-element_type=\"column\">\n\t\t\t<div class=\"elementor-widget-wrap elementor-element-populated\">\n\t\t\t\t\t\t<div class=\"elementor-element elementor-element-13d4296 elementor-widget elementor-widget-heading\" data-id=\"13d4296\" data-element_type=\"widget\" data-widget_type=\"heading.default\">\n\t\t\t\t<div class=\"elementor-widget-container\">\n\t\t\t\t\t<h2 class=\"elementor-heading-title elementor-size-default\">Formulari de contacte<\/h2>\t\t\t\t<\/div>\n\t\t\t\t<\/div>\n\t\t\t\t<div class=\"elementor-element elementor-element-e488a3c elementor-widget elementor-widget-shortcode\" data-id=\"e488a3c\" data-element_type=\"widget\" data-widget_type=\"shortcode.default\">\n\t\t\t\t<div class=\"elementor-widget-container\">\n\t\t\t\t\t\t\t<div class=\"elementor-shortcode\">\n<div class=\"wpcf7 no-js\" id=\"wpcf7-f968-o1\" lang=\"ca\" dir=\"ltr\" data-wpcf7-id=\"968\">\n<div class=\"screen-reader-response\"><p role=\"status\" aria-live=\"polite\" aria-atomic=\"true\"><\/p> <ul><\/ul><\/div>\n<form action=\"\/ca\/wp-json\/wp\/v2\/pages\/557#wpcf7-f968-o1\" method=\"post\" class=\"wpcf7-form init\" aria-label=\"Formulari de contacte\" novalidate=\"novalidate\" data-status=\"init\">\n<fieldset class=\"hidden-fields-container\"><input type=\"hidden\" name=\"_wpcf7\" value=\"968\" \/><input type=\"hidden\" name=\"_wpcf7_version\" value=\"6.1.5\" \/><input type=\"hidden\" name=\"_wpcf7_locale\" value=\"ca\" \/><input type=\"hidden\" name=\"_wpcf7_unit_tag\" value=\"wpcf7-f968-o1\" \/><input type=\"hidden\" name=\"_wpcf7_container_post\" value=\"0\" \/><input type=\"hidden\" name=\"_wpcf7_posted_data_hash\" value=\"\" \/><input type=\"hidden\" name=\"_wpcf7_recaptcha_response\" value=\"\" \/>\n<\/fieldset>\n<p><label> El teu nom<br \/>\n<span class=\"wpcf7-form-control-wrap\" data-name=\"your-name\"><input size=\"40\" maxlength=\"400\" class=\"wpcf7-form-control wpcf7-text wpcf7-validates-as-required\" aria-required=\"true\" aria-invalid=\"false\" value=\"\" type=\"text\" name=\"your-name\" \/><\/span> <\/label>\n<\/p>\n<p><label> El teu email<br \/>\n<span class=\"wpcf7-form-control-wrap\" data-name=\"your-email\"><input size=\"40\" maxlength=\"400\" class=\"wpcf7-form-control wpcf7-email wpcf7-validates-as-required wpcf7-text wpcf7-validates-as-email\" aria-required=\"true\" aria-invalid=\"false\" value=\"\" type=\"email\" name=\"your-email\" \/><\/span> <\/label>\n<\/p>\n<p><label> Assumpte<br \/>\n<span class=\"wpcf7-form-control-wrap\" data-name=\"your-subject\"><input size=\"40\" maxlength=\"400\" class=\"wpcf7-form-control wpcf7-text wpcf7-validates-as-required\" aria-required=\"true\" aria-invalid=\"false\" value=\"\" type=\"text\" name=\"your-subject\" \/><\/span> <\/label>\n<\/p>\n<p><label> Missatge (opcional)<br \/>\n<span class=\"wpcf7-form-control-wrap\" data-name=\"your-message\"><textarea cols=\"40\" rows=\"10\" maxlength=\"2000\" class=\"wpcf7-form-control wpcf7-textarea\" aria-invalid=\"false\" name=\"your-message\"><\/textarea><\/span> <\/label>\n<\/p>\n<p><span class=\"wpcf7-form-control-wrap\" data-name=\"acceptance-277\"><span class=\"wpcf7-form-control wpcf7-acceptance optional\"><span class=\"wpcf7-list-item\"><label><input type=\"checkbox\" name=\"acceptance-277\" value=\"1\" class=\"accept\" aria-invalid=\"false\" \/><span class=\"wpcf7-list-item-label\">Accepto les condicions d'\u00fas i la <a href=\"https:\/\/www.finquesjocar.com\/ca\/politica-privacitat\/\" target=\"blank\" rel=\"nofollow ugc\">Pol\u00edtica de privacitat<\/a><\/span><\/label><\/span><\/span><\/span>\n<\/p>\n<p><input class=\"wpcf7-form-control wpcf7-submit has-spinner\" type=\"submit\" value=\"Enviar\" \/>\n<\/p><div class=\"wpcf7-response-output\" aria-hidden=\"true\"><\/div>\n<\/form>\n<\/div>\n<\/div>\n\t\t\t\t\t\t<\/div>\n\t\t\t\t<\/div>\n\t\t\t\t\t<\/div>\n\t\t<\/div>\n\t\t\t\t<div class=\"elementor-column elementor-col-50 elementor-top-column elementor-element elementor-element-b041bed\" data-id=\"b041bed\" data-element_type=\"column\">\n\t\t\t<div class=\"elementor-widget-wrap elementor-element-populated\">\n\t\t\t\t\t\t<div class=\"elementor-element elementor-element-45a0ffc elementor-widget elementor-widget-heading\" data-id=\"45a0ffc\" data-element_type=\"widget\" data-widget_type=\"heading.default\">\n\t\t\t\t<div class=\"elementor-widget-container\">\n\t\t\t\t\t<h2 class=\"elementor-heading-title elementor-size-default\">Adre\u00e7a<\/h2>\t\t\t\t<\/div>\n\t\t\t\t<\/div>\n\t\t\t\t<div class=\"elementor-element elementor-element-aec59bd elementor-widget elementor-widget-text-editor\" data-id=\"aec59bd\" data-element_type=\"widget\" data-widget_type=\"text-editor.default\">\n\t\t\t\t<div class=\"elementor-widget-container\">\n\t\t\t\t\t\t\t\t\t<div>C. Major 26 &#8211; 17700 La Jonquera<br \/>Girona, Alt Empord\u00e0<br \/>T: 0034 972 55 46 64<br \/>M: <span class=\"contact-mobile\">+34 635 541 791<\/span><br \/>M: <span class=\"contact-mobile\">+34 671 571 499<br \/><\/span>compras@finquesjocar.com<\/div>\n\t\t\t\t\t\t\t\t<\/div>\n\t\t\t\t<\/div>\n\t\t\t\t<div class=\"elementor-element elementor-element-b7d7186 elementor-widget elementor-widget-html\" data-id=\"b7d7186\" data-element_type=\"widget\" data-widget_type=\"html.default\">\n\t\t\t\t<div class=\"elementor-widget-container\">\n\t\t\t\t\t<iframe src=\"https:\/\/www.google.com\/maps\/d\/u\/0\/embed?mid=1bOjuQLr1vSna62nSnLxfYxOHG8A\" width=\"100%\" height=\"480\"><\/iframe>\t\t\t\t<\/div>\n\t\t\t\t<\/div>\n\t\t\t\t\t<\/div>\n\t\t<\/div>\n\t\t\t\t\t<\/div>\n\t\t<\/section>\n\t\t\t\t<\/div>\n\t\t","protected":false},"excerpt":{"rendered":"<p>Formulari de contacte Adre\u00e7a C. Major 26 &#8211; 17700 La JonqueraGirona, Alt Empord\u00e0T: 0034 972 55 46 64M: +34 635 541 791M: +34 671 571 499compras@finquesjocar.com<\/p>\n","protected":false},"author":1,"featured_media":0,"parent":0,"menu_order":0,"comment_status":"closed","ping_status":"closed","template":"","meta":{"site-sidebar-layout":"no-sidebar","site-content-layout":"page-builder","ast-site-content-layout":"","site-content-style":"default","site-sidebar-style":"default","ast-global-header-display":"","ast-banner-title-visibility":"","ast-main-header-display":"","ast-hfb-above-header-display":"","ast-hfb-below-header-display":"","ast-hfb-mobile-header-display":"","site-post-title":"disabled","ast-breadcrumbs-content":"","ast-featured-img":"disabled","footer-sml-layout":"","theme-transparent-header-meta":"default","adv-header-id-meta":"","stick-header-meta":"","header-above-stick-meta":"","header-main-stick-meta":"","header-below-stick-meta":"","astra-migrate-meta-layouts":"default","ast-page-background-enabled":"default","ast-page-background-meta":{"desktop":{"background-color":"","background-image":"","background-repeat":"repeat","background-position":"center center","background-size":"auto","background-attachment":"scroll","background-type":"","background-media":"","overlay-type":"","overlay-color":"","overlay-gradient":""},"tablet":{"background-color":"","background-image":"","background-repeat":"repeat","background-position":"center center","background-size":"auto","background-attachment":"scroll","background-type":"","background-media":"","overlay-type":"","overlay-color":"","overlay-gradient":""},"mobile":{"background-color":"","background-image":"","background-repeat":"repeat","background-position":"center center","background-size":"auto","background-attachment":"scroll","background-type":"","background-media":"","overlay-type":"","overlay-color":"","overlay-gradient":""}},"ast-content-background-meta":{"desktop":{"background-color":"var(--ast-global-color-5)","background-image":"","background-repeat":"repeat","background-position":"center center","background-size":"auto","background-attachment":"scroll","background-type":"","background-media":"","overlay-type":"","overlay-color":"","overlay-gradient":""},"tablet":{"background-color":"var(--ast-global-color-5)","background-image":"","background-repeat":"repeat","background-position":"center center","background-size":"auto","background-attachment":"scroll","background-type":"","background-media":"","overlay-type":"","overlay-color":"","overlay-gradient":""},"mobile":{"background-color":"var(--ast-global-color-5)","background-image":"","background-repeat":"repeat","background-position":"center center","background-size":"auto","background-attachment":"scroll","background-type":"","background-media":"","overlay-type":"","overlay-color":"","overlay-gradient":""}},"footnotes":""},"class_list":["post-557","page","type-page","status-publish","hentry"],"yoast_head":"<!-- This site is optimized with the Yoast SEO plugin v24.7 - https:\/\/yoast.com\/wordpress\/plugins\/seo\/ -->\n<title>Contacte-Situaci\u00f3 - Finques Jocar<\/title>\n<meta name=\"robots\" content=\"index, follow, max-snippet:-1, max-image-preview:large, max-video-preview:-1\" \/>\n<link rel=\"canonical\" href=\"https:\/\/finquesjocar.com\/ca\/contacte-situacio\/\" \/>\n<meta property=\"og:locale\" content=\"ca_ES\" \/>\n<meta property=\"og:type\" content=\"article\" \/>\n<meta property=\"og:title\" content=\"Contacte-Situaci\u00f3 - Finques Jocar\" \/>\n<meta property=\"og:description\" content=\"Formulari de contacte Adre\u00e7a C. Major 26 &#8211; 17700 La JonqueraGirona, Alt Empord\u00e0T: 0034 972 55 46 64M: +34 635 541 791M: +34 671 571 499compras@finquesjocar.com\" \/>\n<meta property=\"og:url\" content=\"https:\/\/finquesjocar.com\/ca\/contacte-situacio\/\" \/>\n<meta property=\"og:site_name\" content=\"Finques Jocar\" \/>\n<meta name=\"twitter:card\" content=\"summary_large_image\" \/>\n<script type=\"application\/ld+json\" class=\"yoast-schema-graph\">{\"@context\":\"https:\/\/schema.org\",\"@graph\":[{\"@type\":\"WebPage\",\"@id\":\"https:\/\/finquesjocar.com\/ca\/contacte-situacio\/\",\"url\":\"https:\/\/finquesjocar.com\/ca\/contacte-situacio\/\",\"name\":\"Contacte-Situaci\u00f3 - Finques Jocar\",\"isPartOf\":{\"@id\":\"https:\/\/finquesjocar.com\/ca\/#website\"},\"datePublished\":\"2021-03-10T11:00:25+00:00\",\"breadcrumb\":{\"@id\":\"https:\/\/finquesjocar.com\/ca\/contacte-situacio\/#breadcrumb\"},\"inLanguage\":\"ca\",\"potentialAction\":[{\"@type\":\"ReadAction\",\"target\":[\"https:\/\/finquesjocar.com\/ca\/contacte-situacio\/\"]}]},{\"@type\":\"BreadcrumbList\",\"@id\":\"https:\/\/finquesjocar.com\/ca\/contacte-situacio\/#breadcrumb\",\"itemListElement\":[{\"@type\":\"ListItem\",\"position\":1,\"name\":\"Portada\",\"item\":\"https:\/\/finquesjocar.com\/ca\/\"},{\"@type\":\"ListItem\",\"position\":2,\"name\":\"Contacte-Situaci\u00f3\"}]},{\"@type\":\"WebSite\",\"@id\":\"https:\/\/finquesjocar.com\/ca\/#website\",\"url\":\"https:\/\/finquesjocar.com\/ca\/\",\"name\":\"Finques Jocar\",\"description\":\"Finques Jocar en La Junquera, Girona, Alt Empord\u00e0, somos una empresa dedicada a la venta, compra, alquiler integral de inmuebles, pisos, casas, apartamentos, locales comerciales y gest\u00edon de comunidades.\",\"publisher\":{\"@id\":\"https:\/\/finquesjocar.com\/ca\/#organization\"},\"potentialAction\":[{\"@type\":\"SearchAction\",\"target\":{\"@type\":\"EntryPoint\",\"urlTemplate\":\"https:\/\/finquesjocar.com\/ca\/?s={search_term_string}\"},\"query-input\":{\"@type\":\"PropertyValueSpecification\",\"valueRequired\":true,\"valueName\":\"search_term_string\"}}],\"inLanguage\":\"ca\"},{\"@type\":\"Organization\",\"@id\":\"https:\/\/finquesjocar.com\/ca\/#organization\",\"name\":\"Finques Jocar\",\"url\":\"https:\/\/finquesjocar.com\/ca\/\",\"logo\":{\"@type\":\"ImageObject\",\"inLanguage\":\"ca\",\"@id\":\"https:\/\/finquesjocar.com\/ca\/#\/schema\/logo\/image\/\",\"url\":\"https:\/\/finquesjocar.com\/wp-content\/uploads\/2021\/03\/logo-1.png\",\"contentUrl\":\"https:\/\/finquesjocar.com\/wp-content\/uploads\/2021\/03\/logo-1.png\",\"width\":300,\"height\":62,\"caption\":\"Finques Jocar\"},\"image\":{\"@id\":\"https:\/\/finquesjocar.com\/ca\/#\/schema\/logo\/image\/\"}}]}<\/script>\n<!-- \/ Yoast SEO plugin. -->","yoast_head_json":{"title":"Contacte-Situaci\u00f3 - Finques Jocar","robots":{"index":"index","follow":"follow","max-snippet":"max-snippet:-1","max-image-preview":"max-image-preview:large","max-video-preview":"max-video-preview:-1"},"canonical":"https:\/\/finquesjocar.com\/ca\/contacte-situacio\/","og_locale":"ca_ES","og_type":"article","og_title":"Contacte-Situaci\u00f3 - Finques Jocar","og_description":"Formulari de contacte Adre\u00e7a C. Major 26 &#8211; 17700 La JonqueraGirona, Alt Empord\u00e0T: 0034 972 55 46 64M: +34 635 541 791M: +34 671 571 499compras@finquesjocar.com","og_url":"https:\/\/finquesjocar.com\/ca\/contacte-situacio\/","og_site_name":"Finques Jocar","twitter_card":"summary_large_image","schema":{"@context":"https:\/\/schema.org","@graph":[{"@type":"WebPage","@id":"https:\/\/finquesjocar.com\/ca\/contacte-situacio\/","url":"https:\/\/finquesjocar.com\/ca\/contacte-situacio\/","name":"Contacte-Situaci\u00f3 - Finques Jocar","isPartOf":{"@id":"https:\/\/finquesjocar.com\/ca\/#website"},"datePublished":"2021-03-10T11:00:25+00:00","breadcrumb":{"@id":"https:\/\/finquesjocar.com\/ca\/contacte-situacio\/#breadcrumb"},"inLanguage":"ca","potentialAction":[{"@type":"ReadAction","target":["https:\/\/finquesjocar.com\/ca\/contacte-situacio\/"]}]},{"@type":"BreadcrumbList","@id":"https:\/\/finquesjocar.com\/ca\/contacte-situacio\/#breadcrumb","itemListElement":[{"@type":"ListItem","position":1,"name":"Portada","item":"https:\/\/finquesjocar.com\/ca\/"},{"@type":"ListItem","position":2,"name":"Contacte-Situaci\u00f3"}]},{"@type":"WebSite","@id":"https:\/\/finquesjocar.com\/ca\/#website","url":"https:\/\/finquesjocar.com\/ca\/","name":"Finques Jocar","description":"Finques Jocar en La Junquera, Girona, Alt Empord\u00e0, somos una empresa dedicada a la venta, compra, alquiler integral de inmuebles, pisos, casas, apartamentos, locales comerciales y gest\u00edon de comunidades.","publisher":{"@id":"https:\/\/finquesjocar.com\/ca\/#organization"},"potentialAction":[{"@type":"SearchAction","target":{"@type":"EntryPoint","urlTemplate":"https:\/\/finquesjocar.com\/ca\/?s={search_term_string}"},"query-input":{"@type":"PropertyValueSpecification","valueRequired":true,"valueName":"search_term_string"}}],"inLanguage":"ca"},{"@type":"Organization","@id":"https:\/\/finquesjocar.com\/ca\/#organization","name":"Finques Jocar","url":"https:\/\/finquesjocar.com\/ca\/","logo":{"@type":"ImageObject","inLanguage":"ca","@id":"https:\/\/finquesjocar.com\/ca\/#\/schema\/logo\/image\/","url":"https:\/\/finquesjocar.com\/wp-content\/uploads\/2021\/03\/logo-1.png","contentUrl":"https:\/\/finquesjocar.com\/wp-content\/uploads\/2021\/03\/logo-1.png","width":300,"height":62,"caption":"Finques Jocar"},"image":{"@id":"https:\/\/finquesjocar.com\/ca\/#\/schema\/logo\/image\/"}}]}},"_links":{"self":[{"href":"https:\/\/finquesjocar.com\/ca\/wp-json\/wp\/v2\/pages\/557","targetHints":{"allow":["GET"]}}],"collection":[{"href":"https:\/\/finquesjocar.com\/ca\/wp-json\/wp\/v2\/pages"}],"about":[{"href":"https:\/\/finquesjocar.com\/ca\/wp-json\/wp\/v2\/types\/page"}],"author":[{"embeddable":true,"href":"https:\/\/finquesjocar.com\/ca\/wp-json\/wp\/v2\/users\/1"}],"replies":[{"embeddable":true,"href":"https:\/\/finquesjocar.com\/ca\/wp-json\/wp\/v2\/comments?post=557"}],"version-history":[{"count":1,"href":"https:\/\/finquesjocar.com\/ca\/wp-json\/wp\/v2\/pages\/557\/revisions"}],"predecessor-version":[{"id":558,"href":"https:\/\/finquesjocar.com\/ca\/wp-json\/wp\/v2\/pages\/557\/revisions\/558"}],"wp:attachment":[{"href":"https:\/\/finquesjocar.com\/ca\/wp-json\/wp\/v2\/media?parent=557"}],"curies":[{"name":"wp","href":"https:\/\/api.w.org\/{rel}","templated":true}]}}